{"id":857,"date":"2026-04-01T00:00:59","date_gmt":"2026-03-31T21:00:59","guid":{"rendered":"http:\/\/www.hosianna.ee\/piiblikool\/?page_id=857"},"modified":"2025-07-09T18:00:44","modified_gmt":"2025-07-09T15:00:44","slug":"aprill","status":"publish","type":"page","link":"https:\/\/www.hosianna.ee\/piiblikool\/aprill\/","title":{"rendered":"Aprill 2026"},"content":{"rendered":"<p>M\u00e4rtsi kuu kontrollt\u00f6\u00f6 <a href=\"http:\/\/www.hosianna.ee\/piiblikool\/wp-content\/uploads\/2023\/04\/7.Kontrolltoo-marts.doc\">7.Kontrollt\u00f6\u00f6-m\u00e4rts<\/a><\/p>\n<p><strong>Palvekool<\/strong><\/p>\n<p>1. Jumala otsimine palves &#8211; Pastor Kai Ringm\u00e4e <a href=\"http:\/\/www.hosianna.ee\/downloads\/2023\/20032023palvekool27.mp3\">MP3&nbsp;<\/a> &nbsp;<a href=\"https:\/\/youtu.be\/4Xuj1NIelEM\">video<\/a><br \/>\n2. Vihma palumine. &#8211; Pastor Jaanus Ringm\u00e4e <a href=\"http:\/\/www.hosianna.ee\/downloads\/2023\/27032023palvekool27.mp3\">MP3<\/a>&nbsp; <a href=\"https:\/\/youtu.be\/Q-UfPsd2YoU\">video<\/a><br \/>\n3. Paastumine &#8211; Pastor Jaanus Ringm\u00e4e&nbsp; <a href=\"http:\/\/www.hosianna.ee\/downloads\/2023\/4.04.2023Palvekool29.mp3\">MP3<\/a>&nbsp; <a href=\"https:\/\/youtu.be\/hThps9XxWpU\">video<\/a>&nbsp;<br \/>\n4. Meie Isa palve. &#8211; Pastor Kai Ringm\u00e4e <a href=\"http:\/\/www.hosianna.ee\/downloads\/2023\/10.04.2023Palvekool30.mp3\">MP3<\/a>&nbsp; <a href=\"https:\/\/youtu.be\/8ekgWfpThU8\">video<\/a> &nbsp;<\/p>\n<p><strong>\u00d5petuskoosoleku teema &#8220;S\u00f5nad&#8221;<\/strong><br \/>\nk\u00f5neleb pastor Jaanus Ringm\u00e4e<\/p>\n<p>1. S\u00f5nad : Surm ja elu on keele v\u00f5imuses \u2013&nbsp; <a href=\"http:\/\/www.hosianna.ee\/downloads\/2018\/12162018-surmjaeluonsinukeelevoimuses.mp3\">MP3<\/a> <a href=\"https:\/\/www.youtube.com\/watch?v=fI5Q7npQ0WQ\">video<\/a><br \/>\n2. S\u00f5nad : R\u00e4\u00e4gi olematutest asjadest otsekui olevatest \u2013&nbsp; <a href=\"http:\/\/www.hosianna.ee\/downloads\/2018\/12302018-raagiolematutestasjadestkuiolevatest.mp3\">MP3<\/a>&nbsp;<a href=\"https:\/\/youtu.be\/c3UPVXpA0p8\">video<\/a><br \/>\n3. S\u00f5nad : Sulle saab see, mida sa \u00fctled.&nbsp;\u2013&nbsp; <a href=\"http:\/\/www.hosianna.ee\/downloads\/2019\/01062019-sullesaabseemidasaraagid.mp3\">MP3<\/a>&nbsp; <a href=\"https:\/\/youtu.be\/o665LE4m6oQ\">video<\/a><br \/>\n4. S\u00f5nad : \u00dctle seda, mida Jumal \u00fctleb.&nbsp;\u2013&nbsp; <a href=\"http:\/\/www.hosianna.ee\/downloads\/2019\/01132019-utlesedamidajumalutleb.mp3\">MP3<\/a>&nbsp;<a href=\"https:\/\/youtu.be\/6YimBTGFkfM\">video<\/a><\/p>\n<p><strong>Tervenduskool &#8220;Mis on usk?&#8221;<\/strong><br \/>\nk\u00f5neleb pastor Jaanus Ringm\u00e4e<\/p>\n<p>1. Mis on usk? 1.osa&nbsp; \u2013 Pastor Jaanus Ringm\u00e4e <a href=\"http:\/\/www.hosianna.ee\/downloads\/2020\/02202020-misonusk1.mp3\">MP3<\/a> &nbsp;<a href=\"https:\/\/youtu.be\/Anm47XT_qb8\">video<\/a><br \/>\n2. Mis on usk? 2.osa: Hirm&nbsp; \u2013 Pastor Jaanus Ringm\u00e4e <a href=\"http:\/\/www.hosianna.ee\/downloads\/2020\/02272020-misonusk2hirm.mp3\">MP3<\/a> &nbsp;<a href=\"https:\/\/youtu.be\/TzTilooJuU4\">video<\/a><br \/>\n3. Mis on usk? 3.osa. Ehtne usk.&nbsp; \u2013 Pastor Jaanus Ringm\u00e4e <a href=\"http:\/\/www.hosianna.ee\/downloads\/2020\/20200305-misonusk3.mp3\">MP3<\/a> &nbsp;<a href=\"https:\/\/youtu.be\/ga14U1jXhdA\">video<\/a><br \/>\n4. Mis on usk? 4.osa. N\u00f5rk usk.&nbsp; \u2013 Pastor Jaanus Ringm\u00e4e <a href=\"http:\/\/www.hosianna.ee\/downloads\/2020\/03122020-misonusk4.mp3\">MP3<\/a> &nbsp;<a href=\"https:\/\/youtu.be\/XO3RHSHuxzo\">video<\/a><\/p>\n<p>&nbsp;<\/p>\n","protected":false},"excerpt":{"rendered":"<p>M\u00e4rtsi kuu kontrollt\u00f6\u00f6 7.Kontrollt\u00f6\u00f6-m\u00e4rts Palvekool 1. Jumala otsimine palves &#8211; Pastor Kai Ringm\u00e4e MP3&nbsp; &nbsp;video 2. Vihma palumine. &#8211; Pastor Jaanus Ringm\u00e4e MP3&nbsp; video 3. Paastumine &#8211; Pastor Jaanus Ringm\u00e4e&nbsp; MP3&nbsp; video&nbsp; 4. Meie Isa palve. &#8211; Pastor Kai Ringm\u00e4e MP3&nbsp; video &nbsp; \u00d5petuskoosoleku teema &#8220;S\u00f5nad&#8221; k\u00f5neleb pastor Jaanus Ringm\u00e4e 1. S\u00f5nad : Surm ja [&hellip;]<\/p>\n","protected":false},"author":1,"featured_media":0,"parent":0,"menu_order":6,"comment_status":"open","ping_status":"open","template":"","meta":{"ngg_post_thumbnail":0,"footnotes":""},"class_list":["post-857","page","type-page","status-publish","hentry"],"yoast_head":"<!-- This site is optimized with the Yoast SEO plugin v27.3 - https:\/\/yoast.com\/product\/yoast-seo-wordpress\/ -->\n<title>Aprill 2026 - Interneti Piiblikool<\/title>\n<meta name=\"robots\" content=\"index, follow, max-snippet:-1, max-image-preview:large, max-video-preview:-1\" \/>\n<link rel=\"canonical\" href=\"https:\/\/www.hosianna.ee\/piiblikool\/aprill\/\" \/>\n<meta property=\"og:locale\" content=\"et_EE\" \/>\n<meta property=\"og:type\" content=\"article\" \/>\n<meta property=\"og:title\" content=\"Aprill 2026 - Interneti Piiblikool\" \/>\n<meta property=\"og:description\" content=\"M\u00e4rtsi kuu kontrollt\u00f6\u00f6 7.Kontrollt\u00f6\u00f6-m\u00e4rts Palvekool 1. Jumala otsimine palves &#8211; Pastor Kai Ringm\u00e4e MP3&nbsp; &nbsp;video 2. Vihma palumine. &#8211; Pastor Jaanus Ringm\u00e4e MP3&nbsp; video 3. Paastumine &#8211; Pastor Jaanus Ringm\u00e4e&nbsp; MP3&nbsp; video&nbsp; 4. Meie Isa palve. &#8211; Pastor Kai Ringm\u00e4e MP3&nbsp; video &nbsp; \u00d5petuskoosoleku teema &#8220;S\u00f5nad&#8221; k\u00f5neleb pastor Jaanus Ringm\u00e4e 1. S\u00f5nad : Surm ja [&hellip;]\" \/>\n<meta property=\"og:url\" content=\"https:\/\/www.hosianna.ee\/piiblikool\/aprill\/\" \/>\n<meta property=\"og:site_name\" content=\"Interneti Piiblikool\" \/>\n<meta name=\"twitter:card\" content=\"summary_large_image\" \/>\n<meta name=\"twitter:label1\" content=\"Est. reading time\" \/>\n\t<meta name=\"twitter:data1\" content=\"1 minut\" \/>\n<script type=\"application\/ld+json\" class=\"yoast-schema-graph\">{\"@context\":\"https:\\\/\\\/schema.org\",\"@graph\":[{\"@type\":\"WebPage\",\"@id\":\"https:\\\/\\\/www.hosianna.ee\\\/piiblikool\\\/aprill\\\/\",\"url\":\"https:\\\/\\\/www.hosianna.ee\\\/piiblikool\\\/aprill\\\/\",\"name\":\"Aprill 2026 - Interneti Piiblikool\",\"isPartOf\":{\"@id\":\"https:\\\/\\\/www.hosianna.ee\\\/piiblikool\\\/#website\"},\"datePublished\":\"2026-03-31T21:00:59+00:00\",\"breadcrumb\":{\"@id\":\"https:\\\/\\\/www.hosianna.ee\\\/piiblikool\\\/aprill\\\/#breadcrumb\"},\"inLanguage\":\"et\",\"potentialAction\":[{\"@type\":\"ReadAction\",\"target\":[\"https:\\\/\\\/www.hosianna.ee\\\/piiblikool\\\/aprill\\\/\"]}]},{\"@type\":\"BreadcrumbList\",\"@id\":\"https:\\\/\\\/www.hosianna.ee\\\/piiblikool\\\/aprill\\\/#breadcrumb\",\"itemListElement\":[{\"@type\":\"ListItem\",\"position\":1,\"name\":\"Home\",\"item\":\"https:\\\/\\\/www.hosianna.ee\\\/piiblikool\\\/\"},{\"@type\":\"ListItem\",\"position\":2,\"name\":\"Aprill 2026\"}]},{\"@type\":\"WebSite\",\"@id\":\"https:\\\/\\\/www.hosianna.ee\\\/piiblikool\\\/#website\",\"url\":\"https:\\\/\\\/www.hosianna.ee\\\/piiblikool\\\/\",\"name\":\"Interneti Piiblikool\",\"description\":\"Tallinna T\u00e4isevangeelne Hosianna Kogudus\",\"potentialAction\":[{\"@type\":\"SearchAction\",\"target\":{\"@type\":\"EntryPoint\",\"urlTemplate\":\"https:\\\/\\\/www.hosianna.ee\\\/piiblikool\\\/?s={search_term_string}\"},\"query-input\":{\"@type\":\"PropertyValueSpecification\",\"valueRequired\":true,\"valueName\":\"search_term_string\"}}],\"inLanguage\":\"et\"}]}<\/script>\n<!-- \/ Yoast SEO plugin. -->","yoast_head_json":{"title":"Aprill 2026 - Interneti Piiblikool","robots":{"index":"index","follow":"follow","max-snippet":"max-snippet:-1","max-image-preview":"max-image-preview:large","max-video-preview":"max-video-preview:-1"},"canonical":"https:\/\/www.hosianna.ee\/piiblikool\/aprill\/","og_locale":"et_EE","og_type":"article","og_title":"Aprill 2026 - Interneti Piiblikool","og_description":"M\u00e4rtsi kuu kontrollt\u00f6\u00f6 7.Kontrollt\u00f6\u00f6-m\u00e4rts Palvekool 1. Jumala otsimine palves &#8211; Pastor Kai Ringm\u00e4e MP3&nbsp; &nbsp;video 2. Vihma palumine. &#8211; Pastor Jaanus Ringm\u00e4e MP3&nbsp; video 3. Paastumine &#8211; Pastor Jaanus Ringm\u00e4e&nbsp; MP3&nbsp; video&nbsp; 4. Meie Isa palve. &#8211; Pastor Kai Ringm\u00e4e MP3&nbsp; video &nbsp; \u00d5petuskoosoleku teema &#8220;S\u00f5nad&#8221; k\u00f5neleb pastor Jaanus Ringm\u00e4e 1. S\u00f5nad : Surm ja [&hellip;]","og_url":"https:\/\/www.hosianna.ee\/piiblikool\/aprill\/","og_site_name":"Interneti Piiblikool","twitter_card":"summary_large_image","twitter_misc":{"Est. reading time":"1 minut"},"schema":{"@context":"https:\/\/schema.org","@graph":[{"@type":"WebPage","@id":"https:\/\/www.hosianna.ee\/piiblikool\/aprill\/","url":"https:\/\/www.hosianna.ee\/piiblikool\/aprill\/","name":"Aprill 2026 - Interneti Piiblikool","isPartOf":{"@id":"https:\/\/www.hosianna.ee\/piiblikool\/#website"},"datePublished":"2026-03-31T21:00:59+00:00","breadcrumb":{"@id":"https:\/\/www.hosianna.ee\/piiblikool\/aprill\/#breadcrumb"},"inLanguage":"et","potentialAction":[{"@type":"ReadAction","target":["https:\/\/www.hosianna.ee\/piiblikool\/aprill\/"]}]},{"@type":"BreadcrumbList","@id":"https:\/\/www.hosianna.ee\/piiblikool\/aprill\/#breadcrumb","itemListElement":[{"@type":"ListItem","position":1,"name":"Home","item":"https:\/\/www.hosianna.ee\/piiblikool\/"},{"@type":"ListItem","position":2,"name":"Aprill 2026"}]},{"@type":"WebSite","@id":"https:\/\/www.hosianna.ee\/piiblikool\/#website","url":"https:\/\/www.hosianna.ee\/piiblikool\/","name":"Interneti Piiblikool","description":"Tallinna T\u00e4isevangeelne Hosianna Kogudus","potentialAction":[{"@type":"SearchAction","target":{"@type":"EntryPoint","urlTemplate":"https:\/\/www.hosianna.ee\/piiblikool\/?s={search_term_string}"},"query-input":{"@type":"PropertyValueSpecification","valueRequired":true,"valueName":"search_term_string"}}],"inLanguage":"et"}]}},"_links":{"self":[{"href":"https:\/\/www.hosianna.ee\/piiblikool\/wp-json\/wp\/v2\/pages\/857","targetHints":{"allow":["GET"]}}],"collection":[{"href":"https:\/\/www.hosianna.ee\/piiblikool\/wp-json\/wp\/v2\/pages"}],"about":[{"href":"https:\/\/www.hosianna.ee\/piiblikool\/wp-json\/wp\/v2\/types\/page"}],"author":[{"embeddable":true,"href":"https:\/\/www.hosianna.ee\/piiblikool\/wp-json\/wp\/v2\/users\/1"}],"replies":[{"embeddable":true,"href":"https:\/\/www.hosianna.ee\/piiblikool\/wp-json\/wp\/v2\/comments?post=857"}],"version-history":[{"count":69,"href":"https:\/\/www.hosianna.ee\/piiblikool\/wp-json\/wp\/v2\/pages\/857\/revisions"}],"predecessor-version":[{"id":2070,"href":"https:\/\/www.hosianna.ee\/piiblikool\/wp-json\/wp\/v2\/pages\/857\/revisions\/2070"}],"wp:attachment":[{"href":"https:\/\/www.hosianna.ee\/piiblikool\/wp-json\/wp\/v2\/media?parent=857"}],"curies":[{"name":"wp","href":"https:\/\/api.w.org\/{rel}","templated":true}]}}